{"id":2846,"date":"2025-10-11T13:47:29","date_gmt":"2025-10-11T13:47:29","guid":{"rendered":"https:\/\/dominios.reagesoft.pt\/?post_type=product&#038;p=2846"},"modified":"2025-11-05T11:31:27","modified_gmt":"2025-11-05T11:31:27","slug":"alojamento-simples","status":"publish","type":"product","link":"https:\/\/dominios.reage.pt\/fr\/product\/hebergement-simple\/","title":{"rendered":"H\u00e9bergement simple"},"content":{"rendered":"<p><strong>Espace disque<\/strong> &#8211; 50 Go<\/p>\n<p><strong>Comptes de messagerie<\/strong> &#8211; Illimit\u00e9s<\/p>\n<p><strong>Trafic mensuel<\/strong> &#8211; Illimit\u00e9<\/p>\n<p><strong>Panneau de contr\u00f4le<\/strong> &#8211; cPanel<\/p>\n<p>Notre formule d&rsquo;h\u00e9bergement web simple offre une solution abordable et facile \u00e0 utiliser pour les sites web de petite et moyenne taille.<\/p>\n<p>Id\u00e9al pour les blogs, les portfolios ou les sites d&rsquo;entreprise, il inclut des fonctionnalit\u00e9s essentielles telles que le stockage SSD, la prise en charge des noms de domaine personnalis\u00e9s, un certificat SSL gratuit pour la s\u00e9curit\u00e9 et une bande passante suffisante pour un trafic de base.<\/p>\n<p>Gr\u00e2ce \u00e0 une interface intuitive et \u00e0 une assistance technique, vous disposerez de tout le n\u00e9cessaire pour mettre votre site web en ligne rapidement et facilement.<\/p>\n","protected":false},"excerpt":{"rendered":"<p>Id\u00e9al pour les blogs, les portfolios ou les sites web d&rsquo;entreprise\u00a0: SSD NVMe, certificat SSL gratuit et assistance technique.<\/p>\n<p>Id\u00e9al pour les blogs, les portfolios ou les sites web d&rsquo;entreprise\u00a0: SSD NVMe, certificat SSL gratuit et assistance technique.<\/p>\n","protected":false},"featured_media":0,"template":"","meta":[],"product_brand":[],"product_cat":[47],"product_tag":[],"class_list":{"0":"post-2846","1":"product","2":"type-product","3":"status-publish","5":"product_cat-hebergement-web","7":"first","8":"instock","9":"virtual","10":"taxable","11":"purchasable","12":"product-type-simple"},"yoast_head":"<!-- This site is optimized with the Yoast SEO plugin v27.3 - https:\/\/yoast.com\/product\/yoast-seo-wordpress\/ -->\n<title>H\u00e9bergement simple<\/title>\n<meta name=\"description\" content=\"Id\u00e9al pour les blogs, les portfolios ou les sites web d&#039;entreprise\u00a0: SSD NVMe, certificat SSL gratuit et assistance technique.  Id\u00e9al pour les blogs, les portfolios ou les sites web d&#039;entreprise\u00a0: SSD NVMe, certificat SSL gratuit et assistance technique.\" \/>\n<meta name=\"robots\" content=\"index, follow, max-snippet:-1, max-image-preview:large, max-video-preview:-1\" \/>\n<link rel=\"canonical\" href=\"\" \/>\n<meta property=\"og:locale\" content=\"fr_FR\" \/>\n<meta property=\"og:type\" content=\"article\" \/>\n<meta property=\"og:title\" content=\"H\u00e9bergement simple\" \/>\n<meta property=\"og:description\" content=\"Id\u00e9al pour les blogs, les portfolios ou les sites web d&#039;entreprise\u00a0: SSD NVMe, certificat SSL gratuit et assistance technique.  Id\u00e9al pour les blogs, les portfolios ou les sites web d&#039;entreprise\u00a0: SSD NVMe, certificat SSL gratuit et assistance technique.\" \/>\n<meta property=\"og:url\" content=\"https:\/\/dominios.reage.pt\/fr\/product\/hebergement-simple\/\" \/>\n<meta property=\"og:site_name\" content=\"Dom\u00ednios - Reage Lda.\" \/>\n<meta property=\"article:modified_time\" content=\"2025-11-05T11:31:27+00:00\" \/>\n<meta name=\"twitter:card\" content=\"summary_large_image\" \/>\n<meta name=\"twitter:label1\" content=\"Dur\u00e9e de lecture estim\u00e9e\" \/>\n\t<meta name=\"twitter:data1\" content=\"1 minute\" \/>\n<script type=\"application\/ld+json\" class=\"yoast-schema-graph\">{\"@context\":\"https:\\\/\\\/schema.org\",\"@graph\":[{\"@type\":\"WebPage\",\"@id\":\"https:\\\/\\\/dominios.reage.pt\\\/fr\\\/product\\\/hebergement-simple\\\/\",\"url\":\"https:\\\/\\\/dominios.reage.pt\\\/fr\\\/product\\\/hebergement-simple\\\/\",\"name\":\"Alojamento Simples - Dom\u00ednios - Reage Lda.\",\"isPartOf\":{\"@id\":\"https:\\\/\\\/dominios.reage.pt\\\/#website\"},\"datePublished\":\"2025-10-11T13:47:29+00:00\",\"dateModified\":\"2025-11-05T11:31:27+00:00\",\"breadcrumb\":{\"@id\":\"https:\\\/\\\/dominios.reage.pt\\\/fr\\\/product\\\/hebergement-simple\\\/#breadcrumb\"},\"inLanguage\":\"fr-FR\",\"potentialAction\":[{\"@type\":\"ReadAction\",\"target\":[\"https:\\\/\\\/dominios.reage.pt\\\/fr\\\/product\\\/hebergement-simple\\\/\"]}]},{\"@type\":\"BreadcrumbList\",\"@id\":\"https:\\\/\\\/dominios.reage.pt\\\/fr\\\/product\\\/hebergement-simple\\\/#breadcrumb\",\"itemListElement\":[{\"@type\":\"ListItem\",\"position\":1,\"name\":\"Accueil\",\"item\":\"https:\\\/\\\/dominios.reage.pt\\\/\"},{\"@type\":\"ListItem\",\"position\":2,\"name\":\"Produtos\",\"item\":\"https:\\\/\\\/dominios.reage.pt\\\/product\\\/\"},{\"@type\":\"ListItem\",\"position\":3,\"name\":\"H\u00e9bergement simple\"}]},{\"@type\":\"WebSite\",\"@id\":\"https:\\\/\\\/dominios.reage.pt\\\/fr\\\/#website\",\"url\":\"https:\\\/\\\/dominios.reage.pt\\\/fr\\\/\",\"name\":\"Dom\u00ednios - Reage Lda.\",\"description\":\"\",\"publisher\":{\"@id\":\"https:\\\/\\\/dominios.reage.pt\\\/fr\\\/#organization\"},\"potentialAction\":[{\"@type\":\"SearchAction\",\"target\":{\"@type\":\"EntryPoint\",\"urlTemplate\":\"https:\\\/\\\/dominios.reage.pt\\\/fr\\\/?s={search_term_string}\"},\"query-input\":{\"@type\":\"PropertyValueSpecification\",\"valueRequired\":true,\"valueName\":\"search_term_string\"}}],\"inLanguage\":\"fr-FR\"},{\"@type\":\"Organization\",\"@id\":\"https:\\\/\\\/dominios.reage.pt\\\/fr\\\/#organization\",\"name\":\"Dom\u00ednios - Reage Lda.\",\"url\":\"https:\\\/\\\/dominios.reage.pt\\\/fr\\\/\",\"logo\":{\"@type\":\"ImageObject\",\"inLanguage\":\"fr-FR\",\"@id\":\"https:\\\/\\\/dominios.reage.pt\\\/fr\\\/#\\\/schema\\\/logo\\\/image\\\/\",\"url\":\"https:\\\/\\\/dominios.reage.pt\\\/wp-content\\\/uploads\\\/2025\\\/10\\\/reage.png\",\"contentUrl\":\"https:\\\/\\\/dominios.reage.pt\\\/wp-content\\\/uploads\\\/2025\\\/10\\\/reage.png\",\"width\":2471,\"height\":607,\"caption\":\"Dom\u00ednios - Reage Lda.\"},\"image\":{\"@id\":\"https:\\\/\\\/dominios.reage.pt\\\/fr\\\/#\\\/schema\\\/logo\\\/image\\\/\"}}]}<\/script>\n<!-- \/ Yoast SEO plugin. -->","yoast_head_json":{"title":"H\u00e9bergement simple","description":"Id\u00e9al pour les blogs, les portfolios ou les sites web d'entreprise\u00a0: SSD NVMe, certificat SSL gratuit et assistance technique.  Id\u00e9al pour les blogs, les portfolios ou les sites web d'entreprise\u00a0: SSD NVMe, certificat SSL gratuit et assistance technique.","robots":{"index":"index","follow":"follow","max-snippet":"max-snippet:-1","max-image-preview":"max-image-preview:large","max-video-preview":"max-video-preview:-1"},"canonical":"Id\u00e9al pour les blogs, les portfolios ou les sites web d'entreprise\u00a0: SSD NVMe, certificat SSL gratuit et assistance technique.  Id\u00e9al pour les blogs, les portfolios ou les sites web d'entreprise\u00a0: SSD NVMe, certificat SSL gratuit et assistance technique.","og_locale":"fr_FR","og_type":"article","og_title":"H\u00e9bergement simple","og_description":"Id\u00e9al pour les blogs, les portfolios ou les sites web d'entreprise\u00a0: SSD NVMe, certificat SSL gratuit et assistance technique.  Id\u00e9al pour les blogs, les portfolios ou les sites web d'entreprise\u00a0: SSD NVMe, certificat SSL gratuit et assistance technique.","og_url":"https:\/\/dominios.reage.pt\/fr\/product\/hebergement-simple\/","og_site_name":"Dom\u00ednios - Reage Lda.","article_modified_time":"2025-11-05T11:31:27+00:00","twitter_card":"summary_large_image","twitter_misc":{"Dur\u00e9e de lecture estim\u00e9e":"1 minute"},"schema":{"@context":"https:\/\/schema.org","@graph":[{"@type":"WebPage","@id":"https:\/\/dominios.reage.pt\/fr\/product\/hebergement-simple\/","url":"https:\/\/dominios.reage.pt\/fr\/product\/hebergement-simple\/","name":"Alojamento Simples - Dom\u00ednios - Reage Lda.","isPartOf":{"@id":"https:\/\/dominios.reage.pt\/#website"},"datePublished":"2025-10-11T13:47:29+00:00","dateModified":"2025-11-05T11:31:27+00:00","breadcrumb":{"@id":"https:\/\/dominios.reage.pt\/fr\/product\/hebergement-simple\/#breadcrumb"},"inLanguage":"fr-FR","potentialAction":[{"@type":"ReadAction","target":["https:\/\/dominios.reage.pt\/fr\/product\/hebergement-simple\/"]}]},{"@type":"BreadcrumbList","@id":"https:\/\/dominios.reage.pt\/fr\/product\/hebergement-simple\/#breadcrumb","itemListElement":[{"@type":"ListItem","position":1,"name":"Accueil","item":"https:\/\/dominios.reage.pt\/"},{"@type":"ListItem","position":2,"name":"Produtos","item":"https:\/\/dominios.reage.pt\/product\/"},{"@type":"ListItem","position":3,"name":"H\u00e9bergement simple"}]},{"@type":"WebSite","@id":"https:\/\/dominios.reage.pt\/fr\/#website","url":"https:\/\/dominios.reage.pt\/fr\/","name":"Dom\u00ednios - Reage Lda.","description":"","publisher":{"@id":"https:\/\/dominios.reage.pt\/fr\/#organization"},"potentialAction":[{"@type":"SearchAction","target":{"@type":"EntryPoint","urlTemplate":"https:\/\/dominios.reage.pt\/fr\/?s={search_term_string}"},"query-input":{"@type":"PropertyValueSpecification","valueRequired":true,"valueName":"search_term_string"}}],"inLanguage":"fr-FR"},{"@type":"Organization","@id":"https:\/\/dominios.reage.pt\/fr\/#organization","name":"Dom\u00ednios - Reage Lda.","url":"https:\/\/dominios.reage.pt\/fr\/","logo":{"@type":"ImageObject","inLanguage":"fr-FR","@id":"https:\/\/dominios.reage.pt\/fr\/#\/schema\/logo\/image\/","url":"https:\/\/dominios.reage.pt\/wp-content\/uploads\/2025\/10\/reage.png","contentUrl":"https:\/\/dominios.reage.pt\/wp-content\/uploads\/2025\/10\/reage.png","width":2471,"height":607,"caption":"Dom\u00ednios - Reage Lda."},"image":{"@id":"https:\/\/dominios.reage.pt\/fr\/#\/schema\/logo\/image\/"}}]}},"_links":{"self":[{"href":"https:\/\/dominios.reage.pt\/fr\/wp-json\/wp\/v2\/product\/2846","targetHints":{"allow":["GET"]}}],"collection":[{"href":"https:\/\/dominios.reage.pt\/fr\/wp-json\/wp\/v2\/product"}],"about":[{"href":"https:\/\/dominios.reage.pt\/fr\/wp-json\/wp\/v2\/types\/product"}],"wp:attachment":[{"href":"https:\/\/dominios.reage.pt\/fr\/wp-json\/wp\/v2\/media?parent=2846"}],"wp:term":[{"taxonomy":"product_brand","embeddable":true,"href":"https:\/\/dominios.reage.pt\/fr\/wp-json\/wp\/v2\/product_brand?post=2846"},{"taxonomy":"product_cat","embeddable":true,"href":"https:\/\/dominios.reage.pt\/fr\/wp-json\/wp\/v2\/product_cat?post=2846"},{"taxonomy":"product_tag","embeddable":true,"href":"https:\/\/dominios.reage.pt\/fr\/wp-json\/wp\/v2\/product_tag?post=2846"}],"curies":[{"name":"wp","href":"https:\/\/api.w.org\/{rel}","templated":true}]}}