{"id":2849,"date":"2025-10-11T14:00:59","date_gmt":"2025-10-11T14:00:59","guid":{"rendered":"https:\/\/dominios.reagesoft.pt\/?post_type=product&#038;p=2849"},"modified":"2025-10-20T13:08:25","modified_gmt":"2025-10-20T13:08:25","slug":"alojamento-profissional","status":"publish","type":"product","link":"https:\/\/dominios.reage.pt\/fr\/product\/hebergement-professionnel\/","title":{"rendered":"H\u00e9bergement Professionnel"},"content":{"rendered":"<p><strong>Espace disque<\/strong> &#8211; 100 Go<\/p>\n<p><strong>Comptes de messagerie<\/strong> &#8211; Illimit\u00e9s<\/p>\n<p><strong>Trafic mensuel<\/strong> &#8211; Illimit\u00e9<\/p>\n<p><strong>Panneau de contr\u00f4le<\/strong> &#8211; cPanel<\/p>\n<p>Notre offre d&rsquo;h\u00e9bergement web professionnel est con\u00e7ue pour les entreprises et les sites web performants exigeant une fiabilit\u00e9 et une vitesse maximales.<\/p>\n<p>Gr\u00e2ce \u00e0 des fonctionnalit\u00e9s avanc\u00e9es telles que le stockage SSD haute capacit\u00e9, le trafic illimit\u00e9, la gestion de domaine, le certificat SSL premium, les sauvegardes automatiques et la prise en charge de plusieurs langages de programmation, nous garantissons \u00e0 votre site web l&rsquo;infrastructure n\u00e9cessaire \u00e0 sa croissance.<\/p>\n<p>De plus, nous offrons une assistance experte 24h\/24 et 7j\/7, l&rsquo;optimisation SEO et un r\u00e9seau de serveurs distribu\u00e9s (CDN) pour assurer une exp\u00e9rience rapide et s\u00e9curis\u00e9e \u00e0 vos visiteurs, partout dans le monde.<\/p>\n","protected":false},"excerpt":{"rendered":"<p>Id\u00e9al pour les entreprises et les sites web \u00e0 hautes performances\u00a0: SSD NVMe, SSL gratuit, sauvegardes automatiques et assistance technique.<\/p>\n","protected":false},"featured_media":0,"template":"","meta":[],"product_brand":[],"product_cat":[47],"product_tag":[],"class_list":{"0":"post-2849","1":"product","2":"type-product","3":"status-publish","5":"product_cat-hebergement-web","7":"first","8":"instock","9":"virtual","10":"taxable","11":"purchasable","12":"product-type-simple"},"yoast_head":"<!-- This site is optimized with the Yoast SEO plugin v27.3 - https:\/\/yoast.com\/product\/yoast-seo-wordpress\/ -->\n<title>H\u00e9bergement Professionnel<\/title>\n<meta name=\"description\" content=\"Id\u00e9al pour les entreprises et les sites web \u00e0 hautes performances\u00a0: SSD NVMe, SSL gratuit, sauvegardes automatiques et assistance technique.\" \/>\n<meta name=\"robots\" content=\"index, follow, max-snippet:-1, max-image-preview:large, max-video-preview:-1\" \/>\n<link rel=\"canonical\" href=\"\" \/>\n<meta property=\"og:locale\" content=\"fr_FR\" \/>\n<meta property=\"og:type\" content=\"article\" \/>\n<meta property=\"og:title\" content=\"H\u00e9bergement Professionnel\" \/>\n<meta property=\"og:description\" content=\"Id\u00e9al pour les entreprises et les sites web \u00e0 hautes performances\u00a0: SSD NVMe, SSL gratuit, sauvegardes automatiques et assistance technique.\" \/>\n<meta property=\"og:url\" content=\"https:\/\/dominios.reage.pt\/fr\/product\/hebergement-professionnel\/\" \/>\n<meta property=\"og:site_name\" content=\"Dom\u00ednios - Reage Lda.\" \/>\n<meta property=\"article:modified_time\" content=\"2025-10-20T13:08:25+00:00\" \/>\n<meta name=\"twitter:card\" content=\"summary_large_image\" \/>\n<meta name=\"twitter:label1\" content=\"Dur\u00e9e de lecture estim\u00e9e\" \/>\n\t<meta name=\"twitter:data1\" content=\"1 minute\" \/>\n<script type=\"application\/ld+json\" class=\"yoast-schema-graph\">{\"@context\":\"https:\\\/\\\/schema.org\",\"@graph\":[{\"@type\":\"WebPage\",\"@id\":\"https:\\\/\\\/dominios.reage.pt\\\/fr\\\/product\\\/hebergement-professionnel\\\/\",\"url\":\"https:\\\/\\\/dominios.reage.pt\\\/fr\\\/product\\\/hebergement-professionnel\\\/\",\"name\":\"Alojamento Profissional - Dom\u00ednios - Reage Lda.\",\"isPartOf\":{\"@id\":\"https:\\\/\\\/dominios.reage.pt\\\/#website\"},\"datePublished\":\"2025-10-11T14:00:59+00:00\",\"dateModified\":\"2025-10-20T13:08:25+00:00\",\"breadcrumb\":{\"@id\":\"https:\\\/\\\/dominios.reage.pt\\\/fr\\\/product\\\/hebergement-professionnel\\\/#breadcrumb\"},\"inLanguage\":\"fr-FR\",\"potentialAction\":[{\"@type\":\"ReadAction\",\"target\":[\"https:\\\/\\\/dominios.reage.pt\\\/fr\\\/product\\\/hebergement-professionnel\\\/\"]}]},{\"@type\":\"BreadcrumbList\",\"@id\":\"https:\\\/\\\/dominios.reage.pt\\\/fr\\\/product\\\/hebergement-professionnel\\\/#breadcrumb\",\"itemListElement\":[{\"@type\":\"ListItem\",\"position\":1,\"name\":\"Accueil\",\"item\":\"https:\\\/\\\/dominios.reage.pt\\\/\"},{\"@type\":\"ListItem\",\"position\":2,\"name\":\"Produtos\",\"item\":\"https:\\\/\\\/dominios.reage.pt\\\/product\\\/\"},{\"@type\":\"ListItem\",\"position\":3,\"name\":\"H\u00e9bergement Professionnel\"}]},{\"@type\":\"WebSite\",\"@id\":\"https:\\\/\\\/dominios.reage.pt\\\/fr\\\/#website\",\"url\":\"https:\\\/\\\/dominios.reage.pt\\\/fr\\\/\",\"name\":\"Dom\u00ednios - Reage Lda.\",\"description\":\"\",\"publisher\":{\"@id\":\"https:\\\/\\\/dominios.reage.pt\\\/fr\\\/#organization\"},\"potentialAction\":[{\"@type\":\"SearchAction\",\"target\":{\"@type\":\"EntryPoint\",\"urlTemplate\":\"https:\\\/\\\/dominios.reage.pt\\\/fr\\\/?s={search_term_string}\"},\"query-input\":{\"@type\":\"PropertyValueSpecification\",\"valueRequired\":true,\"valueName\":\"search_term_string\"}}],\"inLanguage\":\"fr-FR\"},{\"@type\":\"Organization\",\"@id\":\"https:\\\/\\\/dominios.reage.pt\\\/fr\\\/#organization\",\"name\":\"Dom\u00ednios - Reage Lda.\",\"url\":\"https:\\\/\\\/dominios.reage.pt\\\/fr\\\/\",\"logo\":{\"@type\":\"ImageObject\",\"inLanguage\":\"fr-FR\",\"@id\":\"https:\\\/\\\/dominios.reage.pt\\\/fr\\\/#\\\/schema\\\/logo\\\/image\\\/\",\"url\":\"https:\\\/\\\/dominios.reage.pt\\\/wp-content\\\/uploads\\\/2025\\\/10\\\/reage.png\",\"contentUrl\":\"https:\\\/\\\/dominios.reage.pt\\\/wp-content\\\/uploads\\\/2025\\\/10\\\/reage.png\",\"width\":2471,\"height\":607,\"caption\":\"Dom\u00ednios - Reage Lda.\"},\"image\":{\"@id\":\"https:\\\/\\\/dominios.reage.pt\\\/fr\\\/#\\\/schema\\\/logo\\\/image\\\/\"}}]}<\/script>\n<!-- \/ Yoast SEO plugin. -->","yoast_head_json":{"title":"H\u00e9bergement Professionnel","description":"Id\u00e9al pour les entreprises et les sites web \u00e0 hautes performances\u00a0: SSD NVMe, SSL gratuit, sauvegardes automatiques et assistance technique.","robots":{"index":"index","follow":"follow","max-snippet":"max-snippet:-1","max-image-preview":"max-image-preview:large","max-video-preview":"max-video-preview:-1"},"canonical":"Id\u00e9al pour les entreprises et les sites web \u00e0 hautes performances\u00a0: SSD NVMe, SSL gratuit, sauvegardes automatiques et assistance technique.","og_locale":"fr_FR","og_type":"article","og_title":"H\u00e9bergement Professionnel","og_description":"Id\u00e9al pour les entreprises et les sites web \u00e0 hautes performances\u00a0: SSD NVMe, SSL gratuit, sauvegardes automatiques et assistance technique.","og_url":"https:\/\/dominios.reage.pt\/fr\/product\/hebergement-professionnel\/","og_site_name":"Dom\u00ednios - Reage Lda.","article_modified_time":"2025-10-20T13:08:25+00:00","twitter_card":"summary_large_image","twitter_misc":{"Dur\u00e9e de lecture estim\u00e9e":"1 minute"},"schema":{"@context":"https:\/\/schema.org","@graph":[{"@type":"WebPage","@id":"https:\/\/dominios.reage.pt\/fr\/product\/hebergement-professionnel\/","url":"https:\/\/dominios.reage.pt\/fr\/product\/hebergement-professionnel\/","name":"Alojamento Profissional - Dom\u00ednios - Reage Lda.","isPartOf":{"@id":"https:\/\/dominios.reage.pt\/#website"},"datePublished":"2025-10-11T14:00:59+00:00","dateModified":"2025-10-20T13:08:25+00:00","breadcrumb":{"@id":"https:\/\/dominios.reage.pt\/fr\/product\/hebergement-professionnel\/#breadcrumb"},"inLanguage":"fr-FR","potentialAction":[{"@type":"ReadAction","target":["https:\/\/dominios.reage.pt\/fr\/product\/hebergement-professionnel\/"]}]},{"@type":"BreadcrumbList","@id":"https:\/\/dominios.reage.pt\/fr\/product\/hebergement-professionnel\/#breadcrumb","itemListElement":[{"@type":"ListItem","position":1,"name":"Accueil","item":"https:\/\/dominios.reage.pt\/"},{"@type":"ListItem","position":2,"name":"Produtos","item":"https:\/\/dominios.reage.pt\/product\/"},{"@type":"ListItem","position":3,"name":"H\u00e9bergement Professionnel"}]},{"@type":"WebSite","@id":"https:\/\/dominios.reage.pt\/fr\/#website","url":"https:\/\/dominios.reage.pt\/fr\/","name":"Dom\u00ednios - Reage Lda.","description":"","publisher":{"@id":"https:\/\/dominios.reage.pt\/fr\/#organization"},"potentialAction":[{"@type":"SearchAction","target":{"@type":"EntryPoint","urlTemplate":"https:\/\/dominios.reage.pt\/fr\/?s={search_term_string}"},"query-input":{"@type":"PropertyValueSpecification","valueRequired":true,"valueName":"search_term_string"}}],"inLanguage":"fr-FR"},{"@type":"Organization","@id":"https:\/\/dominios.reage.pt\/fr\/#organization","name":"Dom\u00ednios - Reage Lda.","url":"https:\/\/dominios.reage.pt\/fr\/","logo":{"@type":"ImageObject","inLanguage":"fr-FR","@id":"https:\/\/dominios.reage.pt\/fr\/#\/schema\/logo\/image\/","url":"https:\/\/dominios.reage.pt\/wp-content\/uploads\/2025\/10\/reage.png","contentUrl":"https:\/\/dominios.reage.pt\/wp-content\/uploads\/2025\/10\/reage.png","width":2471,"height":607,"caption":"Dom\u00ednios - Reage Lda."},"image":{"@id":"https:\/\/dominios.reage.pt\/fr\/#\/schema\/logo\/image\/"}}]}},"_links":{"self":[{"href":"https:\/\/dominios.reage.pt\/fr\/wp-json\/wp\/v2\/product\/2849","targetHints":{"allow":["GET"]}}],"collection":[{"href":"https:\/\/dominios.reage.pt\/fr\/wp-json\/wp\/v2\/product"}],"about":[{"href":"https:\/\/dominios.reage.pt\/fr\/wp-json\/wp\/v2\/types\/product"}],"wp:attachment":[{"href":"https:\/\/dominios.reage.pt\/fr\/wp-json\/wp\/v2\/media?parent=2849"}],"wp:term":[{"taxonomy":"product_brand","embeddable":true,"href":"https:\/\/dominios.reage.pt\/fr\/wp-json\/wp\/v2\/product_brand?post=2849"},{"taxonomy":"product_cat","embeddable":true,"href":"https:\/\/dominios.reage.pt\/fr\/wp-json\/wp\/v2\/product_cat?post=2849"},{"taxonomy":"product_tag","embeddable":true,"href":"https:\/\/dominios.reage.pt\/fr\/wp-json\/wp\/v2\/product_tag?post=2849"}],"curies":[{"name":"wp","href":"https:\/\/api.w.org\/{rel}","templated":true}]}}